{"id":431,"date":"2021-03-01T14:35:30","date_gmt":"2021-03-01T13:35:30","guid":{"rendered":"https:\/\/draisines.online\/?page_id=431"},"modified":"2021-05-12T10:59:23","modified_gmt":"2021-05-12T08:59:23","slug":"conseils-et-reglement","status":"publish","type":"page","link":"https:\/\/draisines.online\/index.php\/fr\/conseils-et-reglement\/","title":{"rendered":"Conseils et r\u00e8glement"},"content":{"rendered":"<p>[et_pb_section fb_built=\u00a0\u00bb1&Prime; custom_padding_last_edited=\u00a0\u00bbon|tablet\u00a0\u00bb admin_label=\u00a0\u00bbHeader\u00a0\u00bb _builder_version=\u00a0\u00bb3.25.3&Prime; use_background_color_gradient=\u00a0\u00bbon\u00a0\u00bb background_color_gradient_start=\u00a0\u00bbrgba(255,153,134,0.32)\u00a0\u00bb background_color_gradient_end=\u00a0\u00bbrgba(255,93,93,0)\u00a0\u00bb background_color_gradient_direction=\u00a0\u00bb324deg\u00a0\u00bb background_color_gradient_end_position=\u00a0\u00bb55%\u00a0\u00bb background_position=\u00a0\u00bbbottom_center\u00a0\u00bb max_width=\u00a0\u00bb95%\u00a0\u00bb custom_margin=\u00a0\u00bb|19px||||\u00a0\u00bb custom_padding=\u00a0\u00bb0px|||0vw||\u00a0\u00bb custom_padding_tablet=\u00a0\u00bb|||0vw\u00a0\u00bb custom_padding_phone=\u00a0\u00bb||||false\u00a0\u00bb border_radii=\u00a0\u00bb|||20vw|\u00a0\u00bb locked=\u00a0\u00bboff\u00a0\u00bb][et_pb_row column_structure=\u00a0\u00bb1_3,1_3,1_3&Prime; use_custom_gutter=\u00a0\u00bbon\u00a0\u00bb gutter_width=\u00a0\u00bb1&Prime; custom_padding_last_edited=\u00a0\u00bboff|phone\u00a0\u00bb _builder_version=\u00a0\u00bb4.7.7&Prime; width=\u00a0\u00bb100%\u00a0\u00bb max_width=\u00a0\u00bbnone\u00a0\u00bb module_alignment=\u00a0\u00bbleft\u00a0\u00bb custom_margin=\u00a0\u00bb||||false|false\u00a0\u00bb custom_padding=\u00a0\u00bb0px||\u00a0\u00bb custom_padding_tablet=\u00a0\u00bb60px|40px|60px|40px|true\u00a0\u00bb custom_padding_phone=\u00a0\u00bb40px||40px||true\u00a0\u00bb background_last_edited=\u00a0\u00bboff|desktop\u00a0\u00bb border_radii=\u00a0\u00bb||||\u00a0\u00bb][et_pb_column type=\u00a0\u00bb1_3&Prime; _builder_version=\u00a0\u00bb4.7.7&Prime; use_background_color_gradient=\u00a0\u00bbon\u00a0\u00bb background_color_gradient_start=\u00a0\u00bb#FFC984&Prime; background_color_gradient_end=\u00a0\u00bb#FF5D5D\u00a0\u00bb background_color_gradient_direction=\u00a0\u00bb166deg\u00a0\u00bb background_color_gradient_end_position=\u00a0\u00bb79%\u00a0\u00bb custom_padding=\u00a0\u00bb24px|3vw|24px|3vw|true|true\u00a0\u00bb border_radii=\u00a0\u00bb|||100px|\u00a0\u00bb][et_pb_text _builder_version=\u00a0\u00bb4.7.7&Prime; text_font=\u00a0\u00bb||||||||\u00a0\u00bb header_font=\u00a0\u00bb||||||||\u00a0\u00bb header_2_font=\u00a0\u00bbOswald|700||on|||||\u00a0\u00bb header_2_font_size=\u00a0\u00bb28px\u00a0\u00bb header_2_line_height=\u00a0\u00bb1.3em\u00a0\u00bb background_layout=\u00a0\u00bbdark\u00a0\u00bb header_2_font_size_tablet=\u00a0\u00bb26px\u00a0\u00bb header_2_font_size_phone=\u00a0\u00bb22px\u00a0\u00bb header_2_font_size_last_edited=\u00a0\u00bbon|phone\u00a0\u00bb locked=\u00a0\u00bboff\u00a0\u00bb]<\/p>\n<h2><strong><span>Les draisines de la Molign\u00e9e<\/span><\/strong><\/h2>\n<p>[\/et_pb_text][\/et_pb_column][et_pb_column type=\u00a0\u00bb1_3&Prime; _builder_version=\u00a0\u00bb3.25.3&Prime;][\/et_pb_column][et_pb_column type=\u00a0\u00bb1_3&Prime; _builder_version=\u00a0\u00bb3.25.3&Prime;][\/et_pb_column][\/et_pb_row][et_pb_row _builder_version=\u00a0\u00bb3.25.3&Prime;][et_pb_column type=\u00a0\u00bb4_4&Prime; _builder_version=\u00a0\u00bb3.25.3&Prime;][et_pb_text _builder_version=\u00a0\u00bb4.7.7&Prime; text_font=\u00a0\u00bb|600|||||||\u00a0\u00bb text_text_color=\u00a0\u00bbrgba(0,0,0,0.5)\u00a0\u00bb text_line_height=\u00a0\u00bb1.8em\u00a0\u00bb header_font=\u00a0\u00bbOswald|900||on|||||\u00a0\u00bb header_text_color=\u00a0\u00bb#170075&Prime; header_font_size=\u00a0\u00bb54px\u00a0\u00bb header_letter_spacing=\u00a0\u00bb0.05em\u00a0\u00bb transform_scale_tablet=\u00a0\u00bb\u00a0\u00bb transform_scale_phone=\u00a0\u00bb\u00a0\u00bb transform_scale_last_edited=\u00a0\u00bbon|desktop\u00a0\u00bb transform_translate_linked=\u00a0\u00bboff\u00a0\u00bb transform_rotate_tablet=\u00a0\u00bb\u00a0\u00bb transform_rotate_phone=\u00a0\u00bb\u00a0\u00bb transform_rotate_last_edited=\u00a0\u00bbon|desktop\u00a0\u00bb transform_skew_tablet=\u00a0\u00bb\u00a0\u00bb transform_skew_phone=\u00a0\u00bb\u00a0\u00bb transform_skew_last_edited=\u00a0\u00bbon|desktop\u00a0\u00bb transform_origin_tablet=\u00a0\u00bb\u00a0\u00bb transform_origin_phone=\u00a0\u00bb\u00a0\u00bb transform_origin_last_edited=\u00a0\u00bbon|desktop\u00a0\u00bb header_font_size_tablet=\u00a0\u00bb60px\u00a0\u00bb header_font_size_phone=\u00a0\u00bb46px\u00a0\u00bb header_font_size_last_edited=\u00a0\u00bbon|phone\u00a0\u00bb header_text_shadow_style=\u00a0\u00bbpreset3&Prime; header_text_shadow_blur_strength=\u00a0\u00bb0em\u00a0\u00bb locked=\u00a0\u00bboff\u00a0\u00bb]<\/p>\n<h1 class=\"pagename\">CONSEILS ET R\u00e8GLEMENT<\/h1>\n<p>[\/et_pb_text][\/et_pb_column][\/et_pb_row][\/et_pb_section][et_pb_section fb_built=\u00a0\u00bb1&Prime; _builder_version=\u00a0\u00bb4.7.7&Prime; _module_preset=\u00a0\u00bbdefault\u00a0\u00bb][et_pb_row column_structure=\u00a0\u00bb1_5,3_5,1_5&Prime; _builder_version=\u00a0\u00bb4.7.7&Prime; _module_preset=\u00a0\u00bbdefault\u00a0\u00bb][et_pb_column type=\u00a0\u00bb1_5&Prime; _builder_version=\u00a0\u00bb4.7.7&Prime; _module_preset=\u00a0\u00bbdefault\u00a0\u00bb][\/et_pb_column][et_pb_column type=\u00a0\u00bb3_5&Prime; _builder_version=\u00a0\u00bb4.7.7&Prime; _module_preset=\u00a0\u00bbdefault\u00a0\u00bb][et_pb_text _builder_version=\u00a0\u00bb4.7.7&Prime; _module_preset=\u00a0\u00bbdefault\u00a0\u00bb header_2_font=\u00a0\u00bbOswald||||||||\u00a0\u00bb header_2_text_color=\u00a0\u00bb#f92a2a\u00a0\u00bb]<\/p>\n<h2><span>Quelques r\u00e8gles et conseils \u00e9l\u00e9mentaires pour votre confort\u00a0<\/span><span>et votre s\u00e9curit\u00e9 ainsi que le r\u00e8glement d&rsquo;ordre int\u00e9rieur<\/span><\/h2>\n<p>[\/et_pb_text][et_pb_text _builder_version=\u00a0\u00bb4.7.7&Prime; _module_preset=\u00a0\u00bbdefault\u00a0\u00bb]<\/p>\n<ul>\n<li>\n<p align=\"left\"><span>Faites attention aux divers objets contenus dans vos poches (GSM, clefs, portefeuilles).<\/span><\/p>\n<\/li>\n<li>\n<p align=\"left\"><span>La promenade se d\u00e9roule dans un environnement vert et naturel, merci de le respecter.<\/span><\/p>\n<\/li>\n<li>\n<p align=\"left\"><span>N\u2019oubliez pas que vous allez p\u00e9daler, donc munissez-vous de chaussures adapt\u00e9es.<\/span><\/p>\n<\/li>\n<li>\n<p align=\"left\"><span>Par temps humide, les roues des draisines peuvent projeter des salet\u00e9s, attention \u00e0 la graisse de la cha\u00eene (\u00e9vitez les pantalons larges, pattes d\u2019\u00e9l\u00e9phant).<\/span><\/p>\n<\/li>\n<li>\n<p align=\"left\"><span>La randonn\u00e9e en draisine est un moment de d\u00e9tente familial, respectez une distance \u00e9l\u00e9mentaire, il est donc interdit de tamponner d\u2019autres v\u00e9hicules et afin d\u2019\u00e9viter tout risque d\u2019accident, veuillez rester assis pendant tout le trajet.<\/span><\/p>\n<\/li>\n<li>\n<p align=\"left\"><span>Il n\u2019y a pas de limite d\u2019\u00e2ge, d\u00e8s 7 ans les enfants peuvent p\u00e9daler (maximum 4 passagers par draisine, il est interdit d\u2019embarquer des personnes suppl\u00e9mentaires).<\/span><\/p>\n<\/li>\n<li>\n<p align=\"left\"><span>En cas d\u2019orage, descendez de la draisine et \u00e9loignez-vous de la voie.<\/span><\/p>\n<\/li>\n<li>\n<p align=\"left\"><span>Vous pourrez emmener votre pic-nic ainsi que vos boissons que vous pourrez consommer pendant les pauses mais il est interdit d\u2019emporter des boissons alcoolis\u00e9es sur la draisine.<\/span><\/p>\n<\/li>\n<li>\n<p align=\"left\"><span>Une amende de la valeur du ticket vous sera r\u00e9clam\u00e9e en cas de non-respect de l\u2019heure de retour.<\/span><\/p>\n<\/li>\n<li>\n<p align=\"left\"><span>Il est imp\u00e9ratif de garder le ticket jusqu\u2019\u00e0 la fin de l\u2019activit\u00e9.\u00a0 Si\u00a0 vous rencontrez une difficult\u00e9 sur la voie, contactez nous au : 082\/699079.<\/span><\/p>\n<\/li>\n<li>\n<p align=\"left\"><span>Le non-respect des dispositifs et consignes de s\u00e9curit\u00e9 engage la seule responsabilit\u00e9 des clients locataires, toute d\u00e9gradation du mat\u00e9riel due \u00e0 ce non-respect sera chiffr\u00e9e et factur\u00e9e au client locataire.<\/span><\/p>\n<\/li>\n<\/ul>\n<p>[\/et_pb_text][\/et_pb_column][et_pb_column type=\u00a0\u00bb1_5&Prime; _builder_version=\u00a0\u00bb4.7.7&Prime; _module_preset=\u00a0\u00bbdefault\u00a0\u00bb][\/et_pb_column][\/et_pb_row][\/et_pb_section][et_pb_section fb_built=\u00a0\u00bb1&Prime; admin_label=\u00a0\u00bbplans\u00a0\u00bb _builder_version=\u00a0\u00bb4.7.7&Prime; background_image=\u00a0\u00bbhttps:\/\/draisines.online\/wp-content\/uploads\/2020\/12\/170802_AdjustMaredsoussummer17_0257.jpg\u00a0\u00bb parallax=\u00a0\u00bbon\u00a0\u00bb min_height=\u00a0\u00bb538px\u00a0\u00bb custom_padding=\u00a0\u00bb||2px|||\u00a0\u00bb][\/et_pb_section]<\/p>\n","protected":false},"excerpt":{"rendered":"<p>Les draisines de la Molign\u00e9eCONSEILS ET R\u00e8GLEMENTQuelques r\u00e8gles et conseils \u00e9l\u00e9mentaires pour votre confort\u00a0et votre s\u00e9curit\u00e9 ainsi que le r\u00e8glement d&rsquo;ordre int\u00e9rieur Faites attention aux divers objets contenus dans vos poches (GSM, clefs, portefeuilles). La promenade se d\u00e9roule dans un environnement vert et naturel, merci de le respecter. N\u2019oubliez pas que vous allez p\u00e9daler, donc [&hellip;]<\/p>\n","protected":false},"author":2,"featured_media":0,"parent":0,"menu_order":0,"comment_status":"closed","ping_status":"closed","template":"","meta":{"_et_pb_use_builder":"on","_et_pb_old_content":"","_et_gb_content_width":"","footnotes":""},"class_list":["post-431","page","type-page","status-publish","hentry"],"_links":{"self":[{"href":"https:\/\/draisines.online\/index.php\/wp-json\/wp\/v2\/pages\/431","targetHints":{"allow":["GET"]}}],"collection":[{"href":"https:\/\/draisines.online\/index.php\/wp-json\/wp\/v2\/pages"}],"about":[{"href":"https:\/\/draisines.online\/index.php\/wp-json\/wp\/v2\/types\/page"}],"author":[{"embeddable":true,"href":"https:\/\/draisines.online\/index.php\/wp-json\/wp\/v2\/users\/2"}],"replies":[{"embeddable":true,"href":"https:\/\/draisines.online\/index.php\/wp-json\/wp\/v2\/comments?post=431"}],"version-history":[{"count":11,"href":"https:\/\/draisines.online\/index.php\/wp-json\/wp\/v2\/pages\/431\/revisions"}],"predecessor-version":[{"id":2258,"href":"https:\/\/draisines.online\/index.php\/wp-json\/wp\/v2\/pages\/431\/revisions\/2258"}],"wp:attachment":[{"href":"https:\/\/draisines.online\/index.php\/wp-json\/wp\/v2\/media?parent=431"}],"curies":[{"name":"wp","href":"https:\/\/api.w.org\/{rel}","templated":true}]}}