{"id":632,"date":"2021-03-03T09:44:35","date_gmt":"2021-03-03T08:44:35","guid":{"rendered":"https:\/\/draisines.online\/?page_id=632"},"modified":"2025-03-23T14:16:52","modified_gmt":"2025-03-23T13:16:52","slug":"molignee-ile-dyvoir-et-caracole","status":"publish","type":"page","link":"https:\/\/draisines.online\/index.php\/fr\/molignee-ile-dyvoir-et-caracole\/","title":{"rendered":"Molign\u00e9e, Ile d&rsquo;Yvoir et Caracole"},"content":{"rendered":"<p>[et_pb_section fb_built=\u00a0\u00bb1&Prime; custom_padding_last_edited=\u00a0\u00bbon|tablet\u00a0\u00bb admin_label=\u00a0\u00bbHeader\u00a0\u00bb _builder_version=\u00a0\u00bb4.16&Prime; use_background_color_gradient=\u00a0\u00bbon\u00a0\u00bb background_color_gradient_direction=\u00a0\u00bb324deg\u00a0\u00bb background_color_gradient_stops=\u00a0\u00bbrgba(255,153,134,0.32) 0%|rgba(255,93,93,0) 55%\u00a0\u00bb background_color_gradient_start=\u00a0\u00bbrgba(255,153,134,0.32)\u00a0\u00bb background_color_gradient_end=\u00a0\u00bbrgba(255,93,93,0)\u00a0\u00bb background_color_gradient_end_position=\u00a0\u00bb55%\u00a0\u00bb background_position=\u00a0\u00bbbottom_center\u00a0\u00bb max_width=\u00a0\u00bb95%\u00a0\u00bb custom_margin=\u00a0\u00bb|19px||||\u00a0\u00bb custom_padding=\u00a0\u00bb0px|||0vw||\u00a0\u00bb custom_padding_tablet=\u00a0\u00bb|||0vw\u00a0\u00bb custom_padding_phone=\u00a0\u00bb||||false\u00a0\u00bb border_radii=\u00a0\u00bb|||20vw|\u00a0\u00bb locked=\u00a0\u00bboff\u00a0\u00bb global_colors_info=\u00a0\u00bb{}\u00a0\u00bb][et_pb_row column_structure=\u00a0\u00bb1_3,1_3,1_3&Prime; use_custom_gutter=\u00a0\u00bbon\u00a0\u00bb gutter_width=\u00a0\u00bb1&Prime; custom_padding_last_edited=\u00a0\u00bboff|phone\u00a0\u00bb _builder_version=\u00a0\u00bb4.16&Prime; width=\u00a0\u00bb100%\u00a0\u00bb max_width=\u00a0\u00bbnone\u00a0\u00bb module_alignment=\u00a0\u00bbleft\u00a0\u00bb custom_margin=\u00a0\u00bb||||false|false\u00a0\u00bb custom_padding=\u00a0\u00bb0px||\u00a0\u00bb custom_padding_tablet=\u00a0\u00bb60px|40px|60px|40px|true\u00a0\u00bb custom_padding_phone=\u00a0\u00bb40px||40px||true\u00a0\u00bb background_last_edited=\u00a0\u00bboff|desktop\u00a0\u00bb border_radii=\u00a0\u00bb||||\u00a0\u00bb global_colors_info=\u00a0\u00bb{}\u00a0\u00bb][et_pb_column type=\u00a0\u00bb1_3&Prime; _builder_version=\u00a0\u00bb4.16&Prime; use_background_color_gradient=\u00a0\u00bbon\u00a0\u00bb background_color_gradient_direction=\u00a0\u00bb166deg\u00a0\u00bb background_color_gradient_stops=\u00a0\u00bb#FFC984 0%|#FF5D5D 79%\u00a0\u00bb background_color_gradient_start=\u00a0\u00bb#FFC984&Prime; background_color_gradient_end=\u00a0\u00bb#FF5D5D\u00a0\u00bb background_color_gradient_end_position=\u00a0\u00bb79%\u00a0\u00bb custom_padding=\u00a0\u00bb24px|3vw|24px|3vw|true|true\u00a0\u00bb border_radii=\u00a0\u00bb|||100px|\u00a0\u00bb global_colors_info=\u00a0\u00bb{}\u00a0\u00bb][et_pb_text _builder_version=\u00a0\u00bb4.16&Prime; text_font=\u00a0\u00bb||||||||\u00a0\u00bb header_font=\u00a0\u00bb||||||||\u00a0\u00bb header_2_font=\u00a0\u00bbOswald|700||on|||||\u00a0\u00bb header_2_font_size=\u00a0\u00bb28px\u00a0\u00bb header_2_line_height=\u00a0\u00bb1.3em\u00a0\u00bb background_layout=\u00a0\u00bbdark\u00a0\u00bb header_2_font_size_tablet=\u00a0\u00bb26px\u00a0\u00bb header_2_font_size_phone=\u00a0\u00bb22px\u00a0\u00bb header_2_font_size_last_edited=\u00a0\u00bbon|phone\u00a0\u00bb locked=\u00a0\u00bboff\u00a0\u00bb global_colors_info=\u00a0\u00bb{}\u00a0\u00bb]<\/p>\n<h2><strong><span>Les draisines de la Molign\u00e9e<\/span><\/strong><\/h2>\n<p>[\/et_pb_text][\/et_pb_column][et_pb_column type=\u00a0\u00bb1_3&Prime; _builder_version=\u00a0\u00bb4.16&Prime; global_colors_info=\u00a0\u00bb{}\u00a0\u00bb][\/et_pb_column][et_pb_column type=\u00a0\u00bb1_3&Prime; _builder_version=\u00a0\u00bb4.16&Prime; global_colors_info=\u00a0\u00bb{}\u00a0\u00bb][\/et_pb_column][\/et_pb_row][et_pb_row _builder_version=\u00a0\u00bb4.16&Prime; global_colors_info=\u00a0\u00bb{}\u00a0\u00bb][et_pb_column type=\u00a0\u00bb4_4&Prime; _builder_version=\u00a0\u00bb4.16&Prime; global_colors_info=\u00a0\u00bb{}\u00a0\u00bb][et_pb_text _builder_version=\u00a0\u00bb4.16&Prime; text_font=\u00a0\u00bb|600|||||||\u00a0\u00bb text_text_color=\u00a0\u00bbrgba(0,0,0,0.5)\u00a0\u00bb text_line_height=\u00a0\u00bb1.8em\u00a0\u00bb header_font=\u00a0\u00bbOswald|900||on|||||\u00a0\u00bb header_text_color=\u00a0\u00bb#170075&Prime; header_font_size=\u00a0\u00bb63px\u00a0\u00bb header_letter_spacing=\u00a0\u00bb0.05em\u00a0\u00bb transform_scale_tablet=\u00a0\u00bb\u00a0\u00bb transform_scale_phone=\u00a0\u00bb\u00a0\u00bb transform_scale_last_edited=\u00a0\u00bbon|desktop\u00a0\u00bb transform_translate_linked=\u00a0\u00bboff\u00a0\u00bb transform_rotate_tablet=\u00a0\u00bb\u00a0\u00bb transform_rotate_phone=\u00a0\u00bb\u00a0\u00bb transform_rotate_last_edited=\u00a0\u00bbon|desktop\u00a0\u00bb transform_skew_tablet=\u00a0\u00bb\u00a0\u00bb transform_skew_phone=\u00a0\u00bb\u00a0\u00bb transform_skew_last_edited=\u00a0\u00bbon|desktop\u00a0\u00bb transform_origin_tablet=\u00a0\u00bb\u00a0\u00bb transform_origin_phone=\u00a0\u00bb\u00a0\u00bb transform_origin_last_edited=\u00a0\u00bbon|desktop\u00a0\u00bb header_font_size_tablet=\u00a0\u00bb60px\u00a0\u00bb header_font_size_phone=\u00a0\u00bb44px\u00a0\u00bb header_font_size_last_edited=\u00a0\u00bbon|desktop\u00a0\u00bb header_text_shadow_style=\u00a0\u00bbpreset3&Prime; header_text_shadow_blur_strength=\u00a0\u00bb0em\u00a0\u00bb locked=\u00a0\u00bboff\u00a0\u00bb global_colors_info=\u00a0\u00bb{}\u00a0\u00bb]<\/p>\n<h1>Excursion en groupe<\/h1>\n<p>[\/et_pb_text][et_pb_text _builder_version=\u00a0\u00bb4.16.0&Prime; _module_preset=\u00a0\u00bbdefault\u00a0\u00bb header_font_size=\u00a0\u00bb21px\u00a0\u00bb header_2_font=\u00a0\u00bbOswald|||on|||||\u00a0\u00bb header_2_text_color=\u00a0\u00bb#f92a2a\u00a0\u00bb header_2_font_size=\u00a0\u00bb38px\u00a0\u00bb header_2_font_size_tablet=\u00a0\u00bb\u00a0\u00bb header_2_font_size_phone=\u00a0\u00bb29px\u00a0\u00bb header_2_font_size_last_edited=\u00a0\u00bbon|phone\u00a0\u00bb global_colors_info=\u00a0\u00bb{}\u00a0\u00bb]<\/p>\n<h2>Molign\u00e9e, Ile d&rsquo;Yvoir et Brasserie Caracole<\/h2>\n<h3><span style=\"font-size: x-large;\"><strong>Minimum 25 personnes<\/strong><\/span><\/h3>\n<p>[\/et_pb_text][\/et_pb_column][\/et_pb_row][\/et_pb_section][et_pb_section fb_built=\u00a0\u00bb1&Prime; _builder_version=\u00a0\u00bb4.16&Prime; _module_preset=\u00a0\u00bbdefault\u00a0\u00bb custom_padding=\u00a0\u00bb19px|||||\u00a0\u00bb global_colors_info=\u00a0\u00bb{}\u00a0\u00bb][et_pb_row column_structure=\u00a0\u00bb1_5,3_5,1_5&Prime; _builder_version=\u00a0\u00bb4.16&Prime; _module_preset=\u00a0\u00bbdefault\u00a0\u00bb global_colors_info=\u00a0\u00bb{}\u00a0\u00bb][et_pb_column type=\u00a0\u00bb1_5&Prime; _builder_version=\u00a0\u00bb4.16&Prime; _module_preset=\u00a0\u00bbdefault\u00a0\u00bb global_colors_info=\u00a0\u00bb{}\u00a0\u00bb][\/et_pb_column][et_pb_column type=\u00a0\u00bb3_5&Prime; _builder_version=\u00a0\u00bb4.16&Prime; _module_preset=\u00a0\u00bbdefault\u00a0\u00bb global_colors_info=\u00a0\u00bb{}\u00a0\u00bb][et_pb_text _builder_version=\u00a0\u00bb4.16&Prime; _module_preset=\u00a0\u00bbdefault\u00a0\u00bb header_3_text_color=\u00a0\u00bb#f92a2a\u00a0\u00bb header_3_font_size=\u00a0\u00bb29px\u00a0\u00bb header_3_line_height=\u00a0\u00bb1.7em\u00a0\u00bb global_colors_info=\u00a0\u00bb{}\u00a0\u00bb]<\/p>\n<h3><span class=\"h3_txt\">Rail-bike, repas-d\u00e9tente sur l&rsquo;\u00eele d&rsquo;Yvoir et visite de la brasserie<\/span><\/h3>\n<p>[\/et_pb_text][et_pb_text _builder_version=\u00a0\u00bb4.16&Prime; _module_preset=\u00a0\u00bbdefault\u00a0\u00bb header_3_text_color=\u00a0\u00bb#f92a2a\u00a0\u00bb header_3_font_size=\u00a0\u00bb29px\u00a0\u00bb header_3_line_height=\u00a0\u00bb1.7em\u00a0\u00bb global_colors_info=\u00a0\u00bb{}\u00a0\u00bb]<\/p>\n<p><strong>10h00<\/strong> : PROMENADE EN DRAISINE (Railbike) :<\/p>\n<p>D\u00e9couvrez les joies de la Draisine (Rail-Bike): Offrez-vous une ou deux heures de d\u00e9tente en p\u00e9dalant \u00e0 votre rythme sur la voie ferr\u00e9e qui longe la pittoresque Vall\u00e9e de la Molign\u00e9e.<\/p>\n<p>[\/et_pb_text][et_pb_image src=\u00a0\u00bbhttps:\/\/draisines.online\/wp-content\/uploads\/2021\/03\/678_0_5089858_176891.jpg\u00a0\u00bb title_text=\u00a0\u00bb678_0_5089858_176891&Prime; align=\u00a0\u00bbcenter\u00a0\u00bb _builder_version=\u00a0\u00bb4.16&Prime; _module_preset=\u00a0\u00bbdefault\u00a0\u00bb global_colors_info=\u00a0\u00bb{}\u00a0\u00bb][\/et_pb_image][et_pb_text _builder_version=\u00a0\u00bb4.16&Prime; _module_preset=\u00a0\u00bbdefault\u00a0\u00bb header_3_text_color=\u00a0\u00bb#f92a2a\u00a0\u00bb header_3_font_size=\u00a0\u00bb29px\u00a0\u00bb header_3_line_height=\u00a0\u00bb1.7em\u00a0\u00bb global_colors_info=\u00a0\u00bb{}\u00a0\u00bb]<\/p>\n<p><strong>12h00 :<\/strong> Ile d&rsquo;Yvoir<\/p>\n<p>Travers\u00e9e de la Meuse en bateau, plaine de jeux, terrasse, d\u00e9tente et repas: ap\u00e9ritif + 5 sortes de viandes cuites au barbecue et apport\u00e9es au buffet \u00e0 volont\u00e9 comprenant pommes de terres, p\u00e2tes, salades, crudit\u00e9s&#8230; + dessert + caf\u00e9.<\/p>\n<p>[\/et_pb_text][et_pb_image src=\u00a0\u00bbhttps:\/\/draisines.online\/wp-content\/uploads\/2021\/03\/678_0_5126497_176891.jpg\u00a0\u00bb title_text=\u00a0\u00bb678_0_5126497_176891&Prime; align=\u00a0\u00bbcenter\u00a0\u00bb _builder_version=\u00a0\u00bb4.16&Prime; _module_preset=\u00a0\u00bbdefault\u00a0\u00bb global_colors_info=\u00a0\u00bb{}\u00a0\u00bb][\/et_pb_image][et_pb_text _builder_version=\u00a0\u00bb4.16&Prime; _module_preset=\u00a0\u00bbdefault\u00a0\u00bb link_font=\u00a0\u00bb||||on||||\u00a0\u00bb header_3_text_color=\u00a0\u00bb#f92a2a\u00a0\u00bb header_3_font_size=\u00a0\u00bb29px\u00a0\u00bb header_3_line_height=\u00a0\u00bb1.7em\u00a0\u00bb custom_padding=\u00a0\u00bb||0px|||\u00a0\u00bb global_colors_info=\u00a0\u00bb{}\u00a0\u00bb]<\/p>\n<p><strong><b>15h00 : Visite de la brasserie Caracole\u00a0<\/b><\/strong><\/p>\n<p><strong><span>Durant votre visite de la Brasserie Caracole \u00e0 Falmignoul (Dinant), nous abordons l\u2019historique des lieux, les mati\u00e8res premi\u00e8res, le processus de brassage et on termine par l\u2019apoth\u00e9ose: une d\u00e9gustation de 4 galopins (petits verres de 8cl) de 4 bi\u00e8res diff\u00e9rentes.\u00a0<\/span><\/strong><\/p>\n<p>[\/et_pb_text][et_pb_image src=\u00a0\u00bbhttps:\/\/draisines.online\/wp-content\/uploads\/2022\/04\/brasserie-caracole-1.jpg\u00a0\u00bb title_text=\u00a0\u00bbbrasserie-caracole\u00a0\u00bb align=\u00a0\u00bbcenter\u00a0\u00bb _builder_version=\u00a0\u00bb4.16.0&Prime; _module_preset=\u00a0\u00bbdefault\u00a0\u00bb global_colors_info=\u00a0\u00bb{}\u00a0\u00bb][\/et_pb_image][et_pb_text _builder_version=\u00a0\u00bb4.27.4&Prime; _module_preset=\u00a0\u00bbdefault\u00a0\u00bb link_font=\u00a0\u00bb||||on||||\u00a0\u00bb header_3_text_color=\u00a0\u00bb#f92a2a\u00a0\u00bb header_3_font_size=\u00a0\u00bb29px\u00a0\u00bb header_3_line_height=\u00a0\u00bb1.7em\u00a0\u00bb global_colors_info=\u00a0\u00bb{}\u00a0\u00bb]<\/p>\n<p><strong>\u00a0D&rsquo;avril \u00e0 septembre<\/strong><\/p>\n<h3><strong>Minimum 20 personnes : Prix 2025<\/strong><\/h3>\n<p><b>49 \u20ac<\/b> \/ pers.<br \/><strong>36 \u20ac <\/strong>pour les -12 ans<\/p>\n<p><span>Le trajet entre les attractions par vos propres moyens.<\/span><\/p>\n<p><span><b>Pour en savoir plus&#8230;<\/b><\/span><\/p>\n<p><span><a href=\"mailto:draisines@skynet.be\">draisines@skynet.be<br \/><\/a><\/span><span>Tel. 0032 (0)82\/69 90 79<\/span><\/p>\n<p>[\/et_pb_text][\/et_pb_column][et_pb_column type=\u00a0\u00bb1_5&Prime; _builder_version=\u00a0\u00bb4.16&Prime; _module_preset=\u00a0\u00bbdefault\u00a0\u00bb global_colors_info=\u00a0\u00bb{}\u00a0\u00bb][\/et_pb_column][\/et_pb_row][\/et_pb_section]<\/p>\n","protected":false},"excerpt":{"rendered":"<p>Les draisines de la Molign\u00e9eExcursion en groupeMolign\u00e9e, Ile d&rsquo;Yvoir et Brasserie Caracole Minimum 25 personnesRail-bike, repas-d\u00e9tente sur l&rsquo;\u00eele d&rsquo;Yvoir et visite de la brasserie10h00 : PROMENADE EN DRAISINE (Railbike) : D\u00e9couvrez les joies de la Draisine (Rail-Bike): Offrez-vous une ou deux heures de d\u00e9tente en p\u00e9dalant \u00e0 votre rythme sur la voie ferr\u00e9e qui longe [&hellip;]<\/p>\n","protected":false},"author":2,"featured_media":0,"parent":0,"menu_order":0,"comment_status":"closed","ping_status":"closed","template":"","meta":{"_et_pb_use_builder":"on","_et_pb_old_content":"","_et_gb_content_width":"","footnotes":""},"class_list":["post-632","page","type-page","status-publish","hentry"],"_links":{"self":[{"href":"https:\/\/draisines.online\/index.php\/wp-json\/wp\/v2\/pages\/632","targetHints":{"allow":["GET"]}}],"collection":[{"href":"https:\/\/draisines.online\/index.php\/wp-json\/wp\/v2\/pages"}],"about":[{"href":"https:\/\/draisines.online\/index.php\/wp-json\/wp\/v2\/types\/page"}],"author":[{"embeddable":true,"href":"https:\/\/draisines.online\/index.php\/wp-json\/wp\/v2\/users\/2"}],"replies":[{"embeddable":true,"href":"https:\/\/draisines.online\/index.php\/wp-json\/wp\/v2\/comments?post=632"}],"version-history":[{"count":15,"href":"https:\/\/draisines.online\/index.php\/wp-json\/wp\/v2\/pages\/632\/revisions"}],"predecessor-version":[{"id":2281,"href":"https:\/\/draisines.online\/index.php\/wp-json\/wp\/v2\/pages\/632\/revisions\/2281"}],"wp:attachment":[{"href":"https:\/\/draisines.online\/index.php\/wp-json\/wp\/v2\/media?parent=632"}],"curies":[{"name":"wp","href":"https:\/\/api.w.org\/{rel}","templated":true}]}}